{"id":1803,"date":"2024-09-07T14:59:24","date_gmt":"2024-09-07T14:59:24","guid":{"rendered":"https:\/\/djule.me\/regles-du-camping-automatique\/"},"modified":"2024-09-21T07:11:51","modified_gmt":"2024-09-21T07:11:51","slug":"regles-du-camping-automatique","status":"publish","type":"page","link":"https:\/\/djule.me\/fr\/regles-du-camping-automatique\/","title":{"rendered":"R\u00e8gles du camping automatique"},"content":{"rendered":"\t\t<div data-elementor-type=\"wp-page\" data-elementor-id=\"1803\" class=\"elementor elementor-1803 elementor-1585\" data-elementor-post-type=\"page\">\n\t\t\t\t\t\t<section class=\"elementor-section elementor-top-section elementor-element elementor-element-296c9fee elementor-section-height-min-height elementor-section-items-bottom elementor-section-boxed elementor-section-height-default\" data-id=\"296c9fee\" data-element_type=\"section\" data-e-type=\"section\" data-settings=\"{&quot;background_background&quot;:&quot;classic&quot;}\">\n\t\t\t\t\t\t\t<div class=\"elementor-background-overlay\"><\/div>\n\t\t\t\t\t\t\t<div class=\"elementor-container elementor-column-gap-default\">\n\t\t\t\t\t<div class=\"elementor-column elementor-col-100 elementor-top-column elementor-element elementor-element-3798fe20\" data-id=\"3798fe20\" data-element_type=\"column\" data-e-type=\"column\">\n\t\t\t<div class=\"elementor-widget-wrap elementor-element-populated\">\n\t\t\t\t\t\t<div class=\"elementor-element elementor-element-47621798 elementor-widget elementor-widget-heading\" data-id=\"47621798\" data-element_type=\"widget\" data-e-type=\"widget\" data-widget_type=\"heading.default\">\n\t\t\t\t<div class=\"elementor-widget-container\">\n\t\t\t\t\t<h2 class=\"elementor-heading-title elementor-size-default\">R\u00e8gles du camping automatique<\/h2>\t\t\t\t<\/div>\n\t\t\t\t<\/div>\n\t\t\t\t<div class=\"elementor-element elementor-element-786a657d elementor-widget elementor-widget-breadcrumbs\" data-id=\"786a657d\" data-element_type=\"widget\" data-e-type=\"widget\" data-widget_type=\"breadcrumbs.default\">\n\t\t\t\t<div class=\"elementor-widget-container\">\n\t\t\t\t\t<nav aria-label=\"breadcrumbs\" class=\"rank-math-breadcrumb\"><p><span class=\"last\">Auto kamp Djule Crna Gora<\/span><\/p><\/nav>\t\t\t\t<\/div>\n\t\t\t\t<\/div>\n\t\t\t\t\t<\/div>\n\t\t<\/div>\n\t\t\t\t\t<\/div>\n\t\t<\/section>\n\t\t\t\t<section class=\"elementor-section elementor-top-section elementor-element elementor-element-9ea4869 elementor-section-boxed elementor-section-height-default elementor-section-height-default\" data-id=\"9ea4869\" data-element_type=\"section\" data-e-type=\"section\">\n\t\t\t\t\t\t<div class=\"elementor-container elementor-column-gap-default\">\n\t\t\t\t\t<div class=\"elementor-column elementor-col-100 elementor-top-column elementor-element elementor-element-34f72c39\" data-id=\"34f72c39\" data-element_type=\"column\" data-e-type=\"column\">\n\t\t\t<div class=\"elementor-widget-wrap elementor-element-populated\">\n\t\t\t\t\t\t<div class=\"elementor-element elementor-element-51f9a20 elementor-widget elementor-widget-heading\" data-id=\"51f9a20\" data-element_type=\"widget\" data-e-type=\"widget\" data-widget_type=\"heading.default\">\n\t\t\t\t<div class=\"elementor-widget-container\">\n\t\t\t\t\t<h2 class=\"elementor-heading-title elementor-size-default\">FRANCE<\/h2>\t\t\t\t<\/div>\n\t\t\t\t<\/div>\n\t\t\t\t<div class=\"elementor-element elementor-element-d517a04 elementor-widget elementor-widget-text-editor\" data-id=\"d517a04\" data-element_type=\"widget\" data-e-type=\"widget\" data-widget_type=\"text-editor.default\">\n\t\t\t\t<div class=\"elementor-widget-container\">\n\t\t\t\t\t\t\t\t\t<ul>\n<li><strong>Heures d\u2019ouverture de Auto Camp \u0110ule<\/strong>&nbsp;: 07 &#8211; 22<\/li>\n<li><strong>Heure d\u2019arriv\u00e9e&nbsp;:<\/strong> 11:00<\/li>\n<li><strong>Heure de d\u00e9part (le jour du d\u00e9part) :<\/strong> 11h00<\/li>\n<li><strong>WI-FI Puissant et gratuit \ud83d\ude42<\/strong> Utilisateur : Auto Camp Djule \/ Mot de passe : djule123<\/li>\n<li><strong>Toute la zone du camp est couverte par des cam\u00e9ras de surveillance.<\/strong><\/li>\n<\/ul>\n\t\t\t\t\t\t\t\t<\/div>\n\t\t\t\t<\/div>\n\t\t\t\t<div class=\"elementor-element elementor-element-ce6703a elementor-widget elementor-widget-heading\" data-id=\"ce6703a\" data-element_type=\"widget\" data-e-type=\"widget\" data-widget_type=\"heading.default\">\n\t\t\t\t<div class=\"elementor-widget-container\">\n\t\t\t\t\t<h2 class=\"elementor-heading-title elementor-size-default\">Chers clients, BIENVENUE&nbsp;!<\/h2>\t\t\t\t<\/div>\n\t\t\t\t<\/div>\n\t\t\t\t<div class=\"elementor-element elementor-element-c3e3e4c elementor-widget elementor-widget-text-editor\" data-id=\"c3e3e4c\" data-element_type=\"widget\" data-e-type=\"widget\" data-widget_type=\"text-editor.default\">\n\t\t\t\t<div class=\"elementor-widget-container\">\n\t\t\t\t\t\t\t\t\t<p>Afin de vous assurer un s\u00e9jour agr\u00e9able et d\u2019\u00e9liminer \u00e0 l\u2019avance tout inconfort et malentendu possible, nous vous demandons d\u2019\u00e9tudier et d\u2019agir conform\u00e9ment au pr\u00e9sent <strong>R\u00c8GLEMENT.<\/strong><\/p>\n<ol>\n<li>\u00c0 votre arriv\u00e9e au camping de \u0110ule, vous \u00eates tenu de remettre une pi\u00e8ce d\u2019identit\u00e9 valide (passeport ou carte d\u2019identit\u00e9) \u00e0 la personne comp\u00e9tente du camp (h\u00f4te) pour inspection.<\/li>\n<li>Pendant votre s\u00e9jour et l\u2019utilisation des installations du camping \u0110ule, vous \u00eates tenu de maintenir la tranquillit\u00e9, l\u2019ordre et la propret\u00e9, conform\u00e9ment aux crit\u00e8res et normes en vigueur.<\/li>\n<li>Il est strictement interdit de faire du bruit par les utilisateurs du camping et leurs animaux domestiques.<br \/>\nLa paix et la tranquillit\u00e9 que vous voulez pour vous, vous devez \u00e9galement la pr\u00e9voir pour les autres invit\u00e9s du camp.<br \/>\nCette mesure est particuli\u00e8rement en vigueur dans la p\u00e9riode de 22h00 (22h00) \u00e0 08h00 (8h00).<br \/>\nEn plus de faire appel au comportement appropri\u00e9 des adultes, nous demandons aux tuteurs\/personnes responsables de s\u2019occuper du comportement de leurs enfants et de leurs animaux de compagnie.   <\/li>\n<li>La personne responsable (h\u00f4te) du camp a le droit de v\u00e9rifier l\u2019unit\u00e9 d\u2019habitation mobile (camping-cars, tentes, autre type de v\u00e9hicule) sans le consentement et la pr\u00e9sence du propri\u00e9taire (utilisateur) de l\u2019unit\u00e9, s\u2019il y a un soup\u00e7on raisonnable que la s\u00e9curit\u00e9 de l\u2019installation et\/ou de la propri\u00e9t\u00e9 des invit\u00e9s est en danger, ainsi que lorsqu\u2019il y a un soup\u00e7on raisonnable de violation des r\u00e8gles de ce r\u00e8glement.<\/li>\n<li>L\u2019h\u00f4te n\u2019est pas responsable de la s\u00e9curit\u00e9 de la propri\u00e9t\u00e9 de l\u2019invit\u00e9, mais fera tout ce qui est en son pouvoir pour la prot\u00e9ger et avertir en temps opportun l\u2019invit\u00e9 de tout danger ou dommage pour l\u2019invit\u00e9 et sa propri\u00e9t\u00e9.<\/li>\n<li>Il est strictement interdit d\u2019apporter des objets inflammables, explosifs, ainsi que des objets ayant des odeurs fortes et d\u00e9sagr\u00e9ables dans la zone du camp.<\/li>\n<li>Il est strictement interdit de s\u2019exprimer, d\u2019agir et d\u2019afficher des symboles d\u2019intol\u00e9rance et de haine politiques, nationales ou raciales.<\/li>\n<li>Il est interdit aux personnes qui ne sont pas des invit\u00e9s enregistr\u00e9s du camp d\u2019entrer et de s\u00e9journer sans consultation pr\u00e9alable et consentement de l\u2019h\u00f4te.<\/li>\n<li>Les animaux domestiques ne sont autoris\u00e9s dans le camping que s\u2019ils sont enregistr\u00e9s lors du processus d\u2019enregistrement et avec l\u2019autorisation de l\u2019h\u00f4te du camp.<br \/>\nLe s\u00e9jour des animaux de compagnie enregistr\u00e9s n\u2019est autoris\u00e9 que dans la zone du bail du camping par le client qui est \u00e9galement le propri\u00e9taire de l\u2019animal. <\/li>\n<li>La promenade des animaux se fait dans les espaces publics en dehors de la zone du camping.<\/li>\n<li>Si vous souhaitez que votre animal reste sur la plage et\/ou se baigne dans la mer, vous devez consulter l\u2019h\u00f4te du camping pour d\u00e9terminer un endroit qui sera s\u00fbr et sans d\u00e9ranger les autres clients du camping (l\u2019endroit habituel est la partie la plus \u00e0 droite de la plage en regardant du camping vers le rivage \/ la mer).<\/li>\n<li>L\u2019invit\u00e9 du camp, qui est \u00e9galement le propri\u00e9taire de l\u2019animal enregistr\u00e9, ou la personne responsable qui s\u2019occupe de l\u2019animal, est tenu de ne pas laisser l\u2019animal d\u00e9f\u00e9quer dans la zone du camp.<br \/>\nSi la d\u00e9f\u00e9cation se produit par hasard, le propri\u00e9taire ou la personne qui s\u2019occupe de l\u2019animal est tenu d\u2019enlever, de nettoyer et d\u2019assainir la zone o\u00f9 l\u2019animal a d\u00e9f\u00e9qu\u00e9. <\/li>\n<li>Le client qui commet des dommages\/dysfonctionnements sur la propri\u00e9t\u00e9 du camping \u0110ule est tenu d\u2019indemniser l\u2019h\u00f4te du camping pour le montant total des dommages caus\u00e9s.<\/li>\n<li>Un invit\u00e9 qui souhaite pr\u00e9parer de la nourriture dans la zone du camp, doit effectuer cette activit\u00e9 sans cons\u00e9quences n\u00e9gatives pour le camp lui-m\u00eame et pour les autres invit\u00e9s s\u00e9journant dans le camp (allumer un feu sur le sol, fum\u00e9e du grill, odeurs fortes qui d\u00e9rangent les autres clients s\u00e9journant dans le camp).<br \/>\nSi l\u2019h\u00f4te du camp re\u00e7oit une plainte concernant ce qui pr\u00e9c\u00e8de, il est tenu de r\u00e9agir et de demander au prestataire d\u2019activit\u00e9s d\u2019arr\u00eater imm\u00e9diatement la m\u00eame activit\u00e9, et le prestataire d\u2019activit\u00e9s est tenu d\u2019agir imm\u00e9diatement sur l\u2019ordre donn\u00e9. <\/li>\n<li>Il est interdit de pratiquer des activit\u00e9s de p\u00eache dans la zone de la plage o\u00f9 d\u2019autres clients du camp sont pr\u00e9sents.<\/li>\n<li>Il est interdit de jeter des pierres et d\u2019autres objets dans la mer.<\/li>\n<li>Nous vous prions de bien vouloir quitter le camp au plus tard \u00e0 11 heures le jour du d\u00e9part, tel que d\u00e9fini par le r\u00e8glement d\u2019arriv\u00e9e et de sortie du camp.<br \/>\nSi le s\u00e9jour\/s\u00e9jour dans le camp est enregistr\u00e9 apr\u00e8s la date d\u00e9finie pour le d\u00e9part du camp le jour du d\u00e9part, l\u2019h\u00f4te du camp facturera un autre jour de s\u00e9jour pour le montant total d\u00e9j\u00e0 d\u00e9fini. <\/li>\n<li>Si vous ne respectez pas tous les principes ci-dessus du r\u00e8glement du camp, l\u2019h\u00f4te du camp a le droit de refuser inconditionnellement l\u2019hospitalit\u00e9 et d\u2019annuler le s\u00e9jour dans le camp.<\/li>\n<\/ol>\n<h2>Nous vous souhaitons un agr\u00e9able s\u00e9jour \u00e0 l\u2019Auto Camp \u0110ule<\/h2>\n<h4>Responsable d\u2019Auto Camp \u0110ule : Jovo \u0110u\u010di\u0107<\/h4>\n<ul>\n<li>t\u00e9l\u00e9phone de contact (Whatsup\/Viber) : +382 68 709 909<\/li>\n<li>Courriel : info@djule.me<\/li>\n<li>Web : www.djule.me<\/li>\n<\/ul>\n\t\t\t\t\t\t\t\t<\/div>\n\t\t\t\t<\/div>\n\t\t\t\t\t<\/div>\n\t\t<\/div>\n\t\t\t\t\t<\/div>\n\t\t<\/section>\n\t\t\t\t<\/div>\n\t\t","protected":false},"excerpt":{"rendered":"<p>Auto kamp Djule Crna Gora FRANCE Heures d\u2019ouverture de Auto Camp \u0110ule&nbsp;: 07 &#8211; 22 Heure d\u2019arriv\u00e9e&nbsp;: 11:00 Heure de d\u00e9part (le jour du d\u00e9part) : 11h00 WI-FI Puissant et gratuit \ud83d\ude42 Utilisateur : Auto Camp Djule \/ Mot de passe : djule123 Toute la zone du camp est couverte par des cam\u00e9ras de surveillance. [&hellip;]<\/p>\n","protected":false},"author":1,"featured_media":0,"parent":0,"menu_order":0,"comment_status":"closed","ping_status":"closed","template":"elementor_header_footer","meta":{"footnotes":""},"class_list":["post-1803","page","type-page","status-publish","hentry"],"_links":{"self":[{"href":"https:\/\/djule.me\/fr\/wp-json\/wp\/v2\/pages\/1803","targetHints":{"allow":["GET"]}}],"collection":[{"href":"https:\/\/djule.me\/fr\/wp-json\/wp\/v2\/pages"}],"about":[{"href":"https:\/\/djule.me\/fr\/wp-json\/wp\/v2\/types\/page"}],"author":[{"embeddable":true,"href":"https:\/\/djule.me\/fr\/wp-json\/wp\/v2\/users\/1"}],"replies":[{"embeddable":true,"href":"https:\/\/djule.me\/fr\/wp-json\/wp\/v2\/comments?post=1803"}],"version-history":[{"count":0,"href":"https:\/\/djule.me\/fr\/wp-json\/wp\/v2\/pages\/1803\/revisions"}],"wp:attachment":[{"href":"https:\/\/djule.me\/fr\/wp-json\/wp\/v2\/media?parent=1803"}],"curies":[{"name":"wp","href":"https:\/\/api.w.org\/{rel}","templated":true}]}}